{"id":2,"date":"2014-04-07T10:09:04","date_gmt":"2014-04-07T10:09:04","guid":{"rendered":"http:\/\/www.gencisil.com\/?page_id=2"},"modified":"2014-04-21T18:09:28","modified_gmt":"2014-04-21T15:09:28","slug":"ornek-sayfa","status":"publish","type":"page","link":"https:\/\/www.gencisil.com\/?page_id=2","title":{"rendered":"Hakk\u0131m\u0131zda"},"content":{"rendered":"<p>Gen\u00e7 I\u015f\u0131l Tekstil son teknoloji ile donat\u0131lm\u0131\u015f tesislerinde, profesyonel kadrosuyla her \u00e7e\u015fit \u00f6rme kuma\u015f \u00fcretimi ve ihracat\u0131 yapan T\u00fcrkiye&#8217;nin \u00f6nde gelen \u00fcreticilerinden biridir. \u00d6zellikle \u00f6rme kuma\u015f konusunda uzmanla\u015fan Gen\u00e7 I\u015f\u0131l Tekstil, iplik, \u00f6rme, boyama, boyama, bask\u0131 ve terbiye alanlar\u0131nda yat\u0131r\u0131mlar\u0131n\u0131 tamamlayarak entegre bir kuma\u015f \u00fcreticisi ve t\u00fcm D\u00fcnya&#8217;da tan\u0131n\u0131p takip edilen bir marka haline gelmi\u015ftir. Merkez ofisi \u0130stanbul\/Beylikd\u00fcz\u00fc&#8217;nde bulunan firman\u0131n \u0130stanbul\/Zeytinburnu&#8217;nda da \u015fubesi bulunmaktad\u0131r.<\/p>\n<p>Gen\u00e7 I\u015f\u0131l Tekstil, \u00fcretimin her a\u015famas\u0131nda ISO 9001-2008 Kalite Y\u00f6netim Sistemi uygulayarak m\u00fc\u015fteri memnuniyetini ve \u00fcr\u00fcn kalitesini en \u00fcst seviyelere ta\u015f\u0131maktad\u0131r. Gen\u00e7 I\u015f\u0131l Tekstil, t\u00fcm a\u015famalardaki \u00fcr\u00fcn takip sistemi ve otomasyon uygulamalar\u0131 ile termin, kalite ve h\u0131zl\u0131 servisten \u00f6d\u00fcn vermeden \u00fcretimini s\u00fcrd\u00fcrmektedir.<\/p>\n<p>\u015eirketimiz hakk\u0131nda bilgi almak i\u00e7in <a title=\"gencisil\" href=\"http:\/\/www.gencisil.com\">www.gencisil.com<\/a>\u00a0sayfam\u0131z\u0131 ziyaret edebilir, soru ve \u00f6nerileriniz i\u00e7in ise info@gencisil.com mail adresimizden bizlere ula\u015fabilirsiniz.<\/p>\n","protected":false},"excerpt":{"rendered":"<p>Gen\u00e7 I\u015f\u0131l Tekstil son teknoloji ile donat\u0131lm\u0131\u015f tesislerinde, profesyonel kadrosuyla her \u00e7e\u015fit \u00f6rme kuma\u015f \u00fcretimi ve ihracat\u0131 yapan T\u00fcrkiye&#8217;nin \u00f6nde gelen \u00fcreticilerinden biridir. \u00d6zellikle \u00f6rme kuma\u015f konusunda uzmanla\u015fan Gen\u00e7 I\u015f\u0131l Tekstil, iplik,&#46;&#46;&#46;<\/p>\n","protected":false},"author":1,"featured_media":0,"parent":0,"menu_order":0,"comment_status":"closed","ping_status":"open","template":"","meta":[],"_links":{"self":[{"href":"https:\/\/www.gencisil.com\/index.php?rest_route=\/wp\/v2\/pages\/2"}],"collection":[{"href":"https:\/\/www.gencisil.com\/index.php?rest_route=\/wp\/v2\/pages"}],"about":[{"href":"https:\/\/www.gencisil.com\/index.php?rest_route=\/wp\/v2\/types\/page"}],"author":[{"embeddable":true,"href":"https:\/\/www.gencisil.com\/index.php?rest_route=\/wp\/v2\/users\/1"}],"replies":[{"embeddable":true,"href":"https:\/\/www.gencisil.com\/index.php?rest_route=%2Fwp%2Fv2%2Fcomments&post=2"}],"version-history":[{"count":4,"href":"https:\/\/www.gencisil.com\/index.php?rest_route=\/wp\/v2\/pages\/2\/revisions"}],"predecessor-version":[{"id":472,"href":"https:\/\/www.gencisil.com\/index.php?rest_route=\/wp\/v2\/pages\/2\/revisions\/472"}],"wp:attachment":[{"href":"https:\/\/www.gencisil.com\/index.php?rest_route=%2Fwp%2Fv2%2Fmedia&parent=2"}],"curies":[{"name":"wp","href":"https:\/\/api.w.org\/{rel}","templated":true}]}}