{"id":224,"date":"2014-04-16T12:46:00","date_gmt":"2014-04-16T09:46:00","guid":{"rendered":"http:\/\/www.gencisil.com\/?page_id=224"},"modified":"2021-01-04T11:20:30","modified_gmt":"2021-01-04T08:20:30","slug":"anasayfa-2","status":"publish","type":"page","link":"https:\/\/www.gencisil.com\/","title":{"rendered":"Anasayfa"},"content":{"rendered":"<p><script type=\"text\/javascript\">\/\/ <![CDATA[\nvar slider_autoplay = 1; var slider_interval = 6000; var slider_controls = 'arrows'; var slider_transition = 'cubeH'; var slider_transition_speed = 750;\n\/\/ ]]><\/script><\/p>\n<h2><span style=\"font-size: 1.5em; line-height: 1.5em;\">Boyal\u0131 ve bask\u0131l\u0131 \u00f6rme kuma\u015f imalat\u0131<\/span><\/h2>\n<p>2004 y\u0131l\u0131nda kurulmu\u015f, boyal\u0131 ve bask\u0131l\u0131 \u00f6rme kuma\u015f imalat\u0131 yapmakta olan Gen\u00e7 I\u015f\u0131l Tekstil, moday\u0131 yak\u0131ndan takip ederek kaliteli ve h\u0131zl\u0131 \u00fcretimi hedeflemektedir.<\/p>\n<h2>Kuma\u015f tasar\u0131mlar\u0131nda sanatsal bir yap\u0131 vard\u0131r!<\/h2>\n<p>Kuma\u015f \u00fczerinde kullan\u0131lan bask\u0131l\u0131 tasar\u0131mlarda moda ak\u0131m\u0131na uygun renkler ve tasar\u0131mlar\u0131n sanatsal y\u00f6n\u00fcn\u00fc de \u00f6n plana \u00e7\u0131kartmaktay\u0131z.<\/p>\n\n\t\t<style type=\"text\/css\">\n\t\t\t#gallery-1 {\n\t\t\t\tmargin: auto;\n\t\t\t}\n\t\t\t#gallery-1 .gallery-item {\n\t\t\t\tfloat: left;\n\t\t\t\tmargin-top: 10px;\n\t\t\t\ttext-align: center;\n\t\t\t\twidth: 25%;\n\t\t\t}\n\t\t\t#gallery-1 img {\n\t\t\t\tborder: 2px solid #cfcfcf;\n\t\t\t}\n\t\t\t#gallery-1 .gallery-caption {\n\t\t\t\tmargin-left: 0;\n\t\t\t}\n\t\t\t\/* see gallery_shortcode() in wp-includes\/media.php *\/\n\t\t<\/style>\n\t\t<div id='gallery-1' class='gallery galleryid-224 gallery-columns-4 gallery-size-thumbnail'><dl class='gallery-item'>\n\t\t\t<dt class='gallery-icon portrait'>\n\t\t\t\t<a href='https:\/\/www.gencisil.com\/?attachment_id=121'><img width=\"150\" height=\"150\" src=\"https:\/\/www.gencisil.com\/wp-content\/uploads\/2014\/04\/t-080-150x150.jpg\" class=\"attachment-thumbnail size-thumbnail\" alt=\"\" loading=\"lazy\" \/><\/a>\n\t\t\t<\/dt><\/dl><dl class='gallery-item'>\n\t\t\t<dt class='gallery-icon portrait'>\n\t\t\t\t<a href='https:\/\/www.gencisil.com\/?attachment_id=112'><img width=\"150\" height=\"150\" src=\"https:\/\/www.gencisil.com\/wp-content\/uploads\/2014\/04\/t-071-150x150.jpg\" class=\"attachment-thumbnail size-thumbnail\" alt=\"\" loading=\"lazy\" \/><\/a>\n\t\t\t<\/dt><\/dl><dl class='gallery-item'>\n\t\t\t<dt class='gallery-icon portrait'>\n\t\t\t\t<a href='https:\/\/www.gencisil.com\/?attachment_id=113'><img width=\"150\" height=\"150\" src=\"https:\/\/www.gencisil.com\/wp-content\/uploads\/2014\/04\/t-072-150x150.jpg\" class=\"attachment-thumbnail size-thumbnail\" alt=\"\" loading=\"lazy\" \/><\/a>\n\t\t\t<\/dt><\/dl><dl class='gallery-item'>\n\t\t\t<dt class='gallery-icon portrait'>\n\t\t\t\t<a href='https:\/\/www.gencisil.com\/?attachment_id=114'><img width=\"150\" height=\"150\" src=\"https:\/\/www.gencisil.com\/wp-content\/uploads\/2014\/04\/t-073-150x150.jpg\" class=\"attachment-thumbnail size-thumbnail\" alt=\"\" loading=\"lazy\" \/><\/a>\n\t\t\t<\/dt><\/dl><br style=\"clear: both\" \/><dl class='gallery-item'>\n\t\t\t<dt class='gallery-icon portrait'>\n\t\t\t\t<a href='https:\/\/www.gencisil.com\/?attachment_id=115'><img width=\"150\" height=\"150\" src=\"https:\/\/www.gencisil.com\/wp-content\/uploads\/2014\/04\/t-074-150x150.jpg\" class=\"attachment-thumbnail size-thumbnail\" alt=\"\" loading=\"lazy\" \/><\/a>\n\t\t\t<\/dt><\/dl><dl class='gallery-item'>\n\t\t\t<dt class='gallery-icon portrait'>\n\t\t\t\t<a href='https:\/\/www.gencisil.com\/?attachment_id=116'><img width=\"150\" height=\"150\" src=\"https:\/\/www.gencisil.com\/wp-content\/uploads\/2014\/04\/t-075-150x150.jpg\" class=\"attachment-thumbnail size-thumbnail\" alt=\"\" loading=\"lazy\" \/><\/a>\n\t\t\t<\/dt><\/dl><dl class='gallery-item'>\n\t\t\t<dt class='gallery-icon portrait'>\n\t\t\t\t<a href='https:\/\/www.gencisil.com\/?attachment_id=117'><img width=\"150\" height=\"150\" src=\"https:\/\/www.gencisil.com\/wp-content\/uploads\/2014\/04\/t-076-150x150.jpg\" class=\"attachment-thumbnail size-thumbnail\" alt=\"\" loading=\"lazy\" \/><\/a>\n\t\t\t<\/dt><\/dl><dl class='gallery-item'>\n\t\t\t<dt class='gallery-icon portrait'>\n\t\t\t\t<a href='https:\/\/www.gencisil.com\/?attachment_id=118'><img width=\"150\" height=\"150\" src=\"https:\/\/www.gencisil.com\/wp-content\/uploads\/2014\/04\/t-077-150x150.jpg\" class=\"attachment-thumbnail size-thumbnail\" alt=\"\" loading=\"lazy\" \/><\/a>\n\t\t\t<\/dt><\/dl><br style=\"clear: both\" \/>\n\t\t<\/div>\n\n","protected":false},"excerpt":{"rendered":"<p>Boyal\u0131 ve bask\u0131l\u0131 \u00f6rme kuma\u015f imalat\u0131 2004 y\u0131l\u0131nda kurulmu\u015f, boyal\u0131 ve bask\u0131l\u0131 \u00f6rme kuma\u015f imalat\u0131 yapmakta olan Gen\u00e7 I\u015f\u0131l Tekstil, moday\u0131 yak\u0131ndan takip ederek kaliteli ve h\u0131zl\u0131 \u00fcretimi hedeflemektedir. Kuma\u015f tasar\u0131mlar\u0131nda sanatsal&#46;&#46;&#46;<\/p>\n","protected":false},"author":1,"featured_media":0,"parent":0,"menu_order":0,"comment_status":"closed","ping_status":"open","template":"","meta":[],"_links":{"self":[{"href":"https:\/\/www.gencisil.com\/index.php?rest_route=\/wp\/v2\/pages\/224"}],"collection":[{"href":"https:\/\/www.gencisil.com\/index.php?rest_route=\/wp\/v2\/pages"}],"about":[{"href":"https:\/\/www.gencisil.com\/index.php?rest_route=\/wp\/v2\/types\/page"}],"author":[{"embeddable":true,"href":"https:\/\/www.gencisil.com\/index.php?rest_route=\/wp\/v2\/users\/1"}],"replies":[{"embeddable":true,"href":"https:\/\/www.gencisil.com\/index.php?rest_route=%2Fwp%2Fv2%2Fcomments&post=224"}],"version-history":[{"count":43,"href":"https:\/\/www.gencisil.com\/index.php?rest_route=\/wp\/v2\/pages\/224\/revisions"}],"predecessor-version":[{"id":513,"href":"https:\/\/www.gencisil.com\/index.php?rest_route=\/wp\/v2\/pages\/224\/revisions\/513"}],"wp:attachment":[{"href":"https:\/\/www.gencisil.com\/index.php?rest_route=%2Fwp%2Fv2%2Fmedia&parent=224"}],"curies":[{"name":"wp","href":"https:\/\/api.w.org\/{rel}","templated":true}]}}