{"id":505,"date":"2021-01-04T11:17:21","date_gmt":"2021-01-04T08:17:21","guid":{"rendered":"http:\/\/www.gencisil.com\/?page_id=505"},"modified":"2021-01-04T11:20:58","modified_gmt":"2021-01-04T08:20:58","slug":"505-2","status":"publish","type":"page","link":"https:\/\/www.gencisil.com\/?page_id=505","title":{"rendered":"KVK"},"content":{"rendered":"\n<h2>Ki\u015fisel Verileri Koruma Kanunu :<\/h2>\n\n\n\n<p><a href=\"http:\/\/www.gencisil.com\/wp-content\/uploads\/2021\/01\/genc_isil_tekstil_kvkk_aydinlatma_metni.pdf\">K.V.K. Ayd\u0131nlatma Metni<\/a><\/p>\n\n\n\n<p><a href=\"http:\/\/www.gencisil.com\/wp-content\/uploads\/2021\/01\/genc_isil_tekstil_ilgili_kisi_basvuru_formu.pdf\">\u0130lgili Ki\u015fi Ba\u015fvuru Formu<\/a><\/p>\n\n\n\n<p><a href=\"http:\/\/www.gencisil.com\/wp-content\/uploads\/2021\/01\/genc_isil_tekstil_cerez_politikasi.pdf\">\u00c7erez Politikas\u0131<\/a><\/p>\n\n\n\n<p><a href=\"http:\/\/www.gencisil.com\/wp-content\/uploads\/2021\/01\/genc_isil_tekstil_web_gizlilik_politikasi.pdf\">Gizlilik Politikas\u0131<\/a><\/p>\n","protected":false},"excerpt":{"rendered":"<p>Ki\u015fisel Verileri Koruma Kanunu : K.V.K. Ayd\u0131nlatma Metni \u0130lgili Ki\u015fi Ba\u015fvuru Formu \u00c7erez Politikas\u0131 Gizlilik Politikas\u0131<\/p>\n","protected":false},"author":1,"featured_media":0,"parent":0,"menu_order":0,"comment_status":"closed","ping_status":"closed","template":"","meta":[],"_links":{"self":[{"href":"https:\/\/www.gencisil.com\/index.php?rest_route=\/wp\/v2\/pages\/505"}],"collection":[{"href":"https:\/\/www.gencisil.com\/index.php?rest_route=\/wp\/v2\/pages"}],"about":[{"href":"https:\/\/www.gencisil.com\/index.php?rest_route=\/wp\/v2\/types\/page"}],"author":[{"embeddable":true,"href":"https:\/\/www.gencisil.com\/index.php?rest_route=\/wp\/v2\/users\/1"}],"replies":[{"embeddable":true,"href":"https:\/\/www.gencisil.com\/index.php?rest_route=%2Fwp%2Fv2%2Fcomments&post=505"}],"version-history":[{"count":3,"href":"https:\/\/www.gencisil.com\/index.php?rest_route=\/wp\/v2\/pages\/505\/revisions"}],"predecessor-version":[{"id":515,"href":"https:\/\/www.gencisil.com\/index.php?rest_route=\/wp\/v2\/pages\/505\/revisions\/515"}],"wp:attachment":[{"href":"https:\/\/www.gencisil.com\/index.php?rest_route=%2Fwp%2Fv2%2Fmedia&parent=505"}],"curies":[{"name":"wp","href":"https:\/\/api.w.org\/{rel}","templated":true}]}}