{"id":8,"date":"2014-04-08T10:51:36","date_gmt":"2014-04-08T07:51:36","guid":{"rendered":"http:\/\/www.gencisil.com\/?page_id=8"},"modified":"2014-04-10T17:53:36","modified_gmt":"2014-04-10T14:53:36","slug":"anasayfa","status":"publish","type":"page","link":"https:\/\/www.gencisil.com\/?page_id=8","title":{"rendered":"\u0130LET\u0130\u015e\u0130M"},"content":{"rendered":"<p><b>Gen\u00e7 I\u015f\u0131l Tekstil Merkez \u00a0 \u00a0 \u00a0 \u00a0 \u00a0 \u00a0 \u00a0 \u00a0 \u00a0 \u00a0 \u00a0 \u00a0 \u00a0 \u00a0 \u00a0 \u00a0<\/b><\/p>\n<p><b><!--more--><\/b><\/p>\n<p>Bak\u0131r ve Pirin\u00e7 Sanayicileri Sitesi<br \/>\nMustafa Kurto\u011flu cad. No:17<br \/>\nBEYL\u0130KD\u00dcZ\u00dc \/ \u0130STANBUL<br \/>\nSantral:+9 0 212 705 76 00 pbx<br \/>\nTel :+9 0 212 705 76 02<br \/>\nFax:+9 0 212 705 76 99<\/p>\n<p>&nbsp;<\/p>\n","protected":false},"excerpt":{"rendered":"<p>Gen\u00e7 I\u015f\u0131l Tekstil Merkez \u00a0 \u00a0 \u00a0 \u00a0 \u00a0 \u00a0 \u00a0 \u00a0 \u00a0 \u00a0 \u00a0 \u00a0 \u00a0 \u00a0 \u00a0 \u00a0<\/p>\n","protected":false},"author":1,"featured_media":0,"parent":0,"menu_order":0,"comment_status":"closed","ping_status":"open","template":"template-contact.php","meta":[],"_links":{"self":[{"href":"https:\/\/www.gencisil.com\/index.php?rest_route=\/wp\/v2\/pages\/8"}],"collection":[{"href":"https:\/\/www.gencisil.com\/index.php?rest_route=\/wp\/v2\/pages"}],"about":[{"href":"https:\/\/www.gencisil.com\/index.php?rest_route=\/wp\/v2\/types\/page"}],"author":[{"embeddable":true,"href":"https:\/\/www.gencisil.com\/index.php?rest_route=\/wp\/v2\/users\/1"}],"replies":[{"embeddable":true,"href":"https:\/\/www.gencisil.com\/index.php?rest_route=%2Fwp%2Fv2%2Fcomments&post=8"}],"version-history":[{"count":7,"href":"https:\/\/www.gencisil.com\/index.php?rest_route=\/wp\/v2\/pages\/8\/revisions"}],"predecessor-version":[{"id":54,"href":"https:\/\/www.gencisil.com\/index.php?rest_route=\/wp\/v2\/pages\/8\/revisions\/54"}],"wp:attachment":[{"href":"https:\/\/www.gencisil.com\/index.php?rest_route=%2Fwp%2Fv2%2Fmedia&parent=8"}],"curies":[{"name":"wp","href":"https:\/\/api.w.org\/{rel}","templated":true}]}}